{"id":11826,"date":"2025-06-19T05:32:37","date_gmt":"2025-06-19T03:32:37","guid":{"rendered":"https:\/\/www.statisticsnba.com\/?product=original-allen-iverson-denver-nuggets-hardwood-classics-swingman-jersey-navy"},"modified":"2025-06-19T05:34:52","modified_gmt":"2025-06-19T03:34:52","slug":"original-allen-iverson-denver-nuggets-hardwood-classics-swingman-jersey-navy","status":"publish","type":"product","link":"https:\/\/www.statisticsnba.com\/?product=original-allen-iverson-denver-nuggets-hardwood-classics-swingman-jersey-navy","title":{"rendered":"Original Allen Iverson Denver Nuggets Hardwood Classics Swingman Jersey Navy"},"content":{"rendered":"<p>Magn\u00edfico Allen Iverson Denver Nuggets Hardwood Classics Swingman Jersey Navy  para la temporada<\/p>\n<p>Explora esta camiseta \u00fanica para los seguidores fieles. Magn\u00edfico Allen Iverson Denver Nuggets Hardwood Classics Swingman Jersey Navy. \u00a1No te la pierdas!<\/p>\n","protected":false},"excerpt":{"rendered":"<p>Magn\u00edfico Allen Iverson Denver Nuggets Hardwood Classics Swingman Jersey Navy para la temporada Explora esta camiseta \u00fanica para los seguidores fieles. Magn\u00edfico Allen Iverson Denver Nuggets Hardwood Classics Swingman Jersey Navy. \u00a1No te la pierdas!<\/p>\n","protected":false},"featured_media":11833,"comment_status":"open","ping_status":"open","template":"","meta":[],"product_brand":[],"product_cat":[111,178],"product_tag":[78],"class_list":{"0":"post-11826","1":"product","2":"type-product","3":"status-publish","4":"has-post-thumbnail","6":"product_cat-denver-nuggets","7":"product_cat-jersey-denver-nuggets","8":"product_tag-jersey","9":"pa_size-2xl","10":"pa_size-3xl","11":"pa_size-l","12":"pa_size-m","13":"pa_size-s","14":"pa_size-xl","16":"first","17":"instock","18":"sale","19":"purchasable","20":"product-type-variable","21":"add-to-wishlist-after_add_to_cart"},"yoast_head":"<!-- This site is optimized with the Yoast SEO Premium plugin v25.3 (Yoast SEO v27.4) - https:\/\/yoast.com\/product\/yoast-seo-premium-wordpress\/ -->\n<title>Magn\u00edfico Allen Iverson Denver Nuggets Hardwood Classics Swingman Jersey Navy para la temporada<\/title>\n<meta name=\"description\" content=\"Explora esta camiseta \u00fanica para los seguidores fieles. Magn\u00edfico Allen Iverson Denver Nuggets Hardwood Classics Swingman Jersey Navy. \u00a1No te la pierdas!\" \/>\n<meta name=\"robots\" content=\"index, follow, max-snippet:-1, max-image-preview:large, max-video-preview:-1\" \/>\n<link rel=\"canonical\" href=\"https:\/\/www.statisticsnba.com\/?product=original-allen-iverson-denver-nuggets-hardwood-classics-swingman-jersey-navy\" \/>\n<meta property=\"og:locale\" content=\"es_ES\" \/>\n<meta property=\"og:type\" content=\"article\" \/>\n<meta property=\"og:title\" content=\"Magn\u00edfico Allen Iverson Denver Nuggets Hardwood Classics Swingman Jersey Navy para la temporada\" \/>\n<meta property=\"og:description\" content=\"Explora esta camiseta \u00fanica para los seguidores fieles. Magn\u00edfico Allen Iverson Denver Nuggets Hardwood Classics Swingman Jersey Navy. \u00a1No te la pierdas!\" \/>\n<meta property=\"og:url\" content=\"https:\/\/www.statisticsnba.com\/?product=original-allen-iverson-denver-nuggets-hardwood-classics-swingman-jersey-navy\" \/>\n<meta property=\"og:site_name\" content=\"camiseta barata de la NBA - Tienda online\" \/>\n<meta property=\"article:modified_time\" content=\"2025-06-19T03:34:52+00:00\" \/>\n<meta property=\"og:image\" content=\"https:\/\/www.statisticsnba.com\/wp-content\/uploads\/2025\/06\/Magnifico-Allen-Iverson-Denver-Nuggets-Hardwood-Classics-Swingman-Jersey-Navy-para-la-temporada.jpeg\" \/>\n\t<meta property=\"og:image:width\" content=\"600\" \/>\n\t<meta property=\"og:image:height\" content=\"600\" \/>\n\t<meta property=\"og:image:type\" content=\"image\/webp\" \/>\n<meta name=\"twitter:card\" content=\"summary_large_image\" \/>\n<meta name=\"twitter:title\" content=\"Original Allen Iverson Denver Nuggets Hardwood Classics Swingman Jersey Navy\" \/>\n<meta name=\"twitter:description\" content=\"Explora esta camiseta \u00fanica para los seguidores fieles. Magn\u00edfico Allen Iverson Denver Nuggets Hardwood Classics Swingman Jersey Navy. \u00a1No te la pierdas!\" \/>\n<script type=\"application\/ld+json\" class=\"yoast-schema-graph\">{\"@context\":\"https:\\\/\\\/schema.org\",\"@graph\":[{\"@type\":\"WebPage\",\"@id\":\"https:\\\/\\\/www.statisticsnba.com\\\/?product=original-allen-iverson-denver-nuggets-hardwood-classics-swingman-jersey-navy\",\"url\":\"https:\\\/\\\/www.statisticsnba.com\\\/?product=original-allen-iverson-denver-nuggets-hardwood-classics-swingman-jersey-navy\",\"name\":\"Magn\u00edfico Allen Iverson Denver Nuggets Hardwood Classics Swingman Jersey Navy para la temporada\",\"isPartOf\":{\"@id\":\"https:\\\/\\\/www.statisticsnba.com\\\/#website\"},\"primaryImageOfPage\":{\"@id\":\"https:\\\/\\\/www.statisticsnba.com\\\/?product=original-allen-iverson-denver-nuggets-hardwood-classics-swingman-jersey-navy#primaryimage\"},\"image\":{\"@id\":\"https:\\\/\\\/www.statisticsnba.com\\\/?product=original-allen-iverson-denver-nuggets-hardwood-classics-swingman-jersey-navy#primaryimage\"},\"thumbnailUrl\":\"https:\\\/\\\/www.statisticsnba.com\\\/wp-content\\\/uploads\\\/2025\\\/06\\\/Magnifico-Allen-Iverson-Denver-Nuggets-Hardwood-Classics-Swingman-Jersey-Navy-para-la-temporada.jpeg\",\"datePublished\":\"2025-06-19T03:32:37+00:00\",\"dateModified\":\"2025-06-19T03:34:52+00:00\",\"description\":\"Explora esta camiseta \u00fanica para los seguidores fieles. Magn\u00edfico Allen Iverson Denver Nuggets Hardwood Classics Swingman Jersey Navy. \u00a1No te la pierdas!\",\"breadcrumb\":{\"@id\":\"https:\\\/\\\/www.statisticsnba.com\\\/?product=original-allen-iverson-denver-nuggets-hardwood-classics-swingman-jersey-navy#breadcrumb\"},\"inLanguage\":\"es\",\"potentialAction\":[{\"@type\":\"ReadAction\",\"target\":[\"https:\\\/\\\/www.statisticsnba.com\\\/?product=original-allen-iverson-denver-nuggets-hardwood-classics-swingman-jersey-navy\"]}]},{\"@type\":\"ImageObject\",\"inLanguage\":\"es\",\"@id\":\"https:\\\/\\\/www.statisticsnba.com\\\/?product=original-allen-iverson-denver-nuggets-hardwood-classics-swingman-jersey-navy#primaryimage\",\"url\":\"https:\\\/\\\/www.statisticsnba.com\\\/wp-content\\\/uploads\\\/2025\\\/06\\\/Magnifico-Allen-Iverson-Denver-Nuggets-Hardwood-Classics-Swingman-Jersey-Navy-para-la-temporada.jpeg\",\"contentUrl\":\"https:\\\/\\\/www.statisticsnba.com\\\/wp-content\\\/uploads\\\/2025\\\/06\\\/Magnifico-Allen-Iverson-Denver-Nuggets-Hardwood-Classics-Swingman-Jersey-Navy-para-la-temporada.jpeg\",\"width\":600,\"height\":600,\"caption\":\"Original Allen Iverson Denver Nuggets Hardwood Classics Swingman Jersey Navy\"},{\"@type\":\"BreadcrumbList\",\"@id\":\"https:\\\/\\\/www.statisticsnba.com\\\/?product=original-allen-iverson-denver-nuggets-hardwood-classics-swingman-jersey-navy#breadcrumb\",\"itemListElement\":[{\"@type\":\"ListItem\",\"position\":1,\"name\":\"home\",\"item\":\"https:\\\/\\\/www.statisticsnba.com\\\/\"},{\"@type\":\"ListItem\",\"position\":2,\"name\":\"Shop\",\"item\":\"https:\\\/\\\/www.statisticsnba.com\\\/?page_id=10\"},{\"@type\":\"ListItem\",\"position\":3,\"name\":\"Original Allen Iverson Denver Nuggets Hardwood Classics Swingman Jersey Navy\"}]},{\"@type\":\"WebSite\",\"@id\":\"https:\\\/\\\/www.statisticsnba.com\\\/#website\",\"url\":\"https:\\\/\\\/www.statisticsnba.com\\\/\",\"name\":\"Cheap jersey - Online Shop\",\"description\":\"camiseta barata de la NBA\",\"potentialAction\":[{\"@type\":\"SearchAction\",\"target\":{\"@type\":\"EntryPoint\",\"urlTemplate\":\"https:\\\/\\\/www.statisticsnba.com\\\/?s={search_term_string}\"},\"query-input\":{\"@type\":\"PropertyValueSpecification\",\"valueRequired\":true,\"valueName\":\"search_term_string\"}}],\"inLanguage\":\"es\"}]}<\/script>\n<!-- \/ Yoast SEO Premium plugin. -->","yoast_head_json":{"title":"Magn\u00edfico Allen Iverson Denver Nuggets Hardwood Classics Swingman Jersey Navy para la temporada","description":"Explora esta camiseta \u00fanica para los seguidores fieles. Magn\u00edfico Allen Iverson Denver Nuggets Hardwood Classics Swingman Jersey Navy. \u00a1No te la pierdas!","robots":{"index":"index","follow":"follow","max-snippet":"max-snippet:-1","max-image-preview":"max-image-preview:large","max-video-preview":"max-video-preview:-1"},"canonical":"https:\/\/www.statisticsnba.com\/?product=original-allen-iverson-denver-nuggets-hardwood-classics-swingman-jersey-navy","og_locale":"es_ES","og_type":"article","og_title":"Magn\u00edfico Allen Iverson Denver Nuggets Hardwood Classics Swingman Jersey Navy para la temporada","og_description":"Explora esta camiseta \u00fanica para los seguidores fieles. Magn\u00edfico Allen Iverson Denver Nuggets Hardwood Classics Swingman Jersey Navy. \u00a1No te la pierdas!","og_url":"https:\/\/www.statisticsnba.com\/?product=original-allen-iverson-denver-nuggets-hardwood-classics-swingman-jersey-navy","og_site_name":"camiseta barata de la NBA - Tienda online","article_modified_time":"2025-06-19T03:34:52+00:00","og_image":[{"width":600,"height":600,"url":"https:\/\/www.statisticsnba.com\/wp-content\/uploads\/2025\/06\/Magnifico-Allen-Iverson-Denver-Nuggets-Hardwood-Classics-Swingman-Jersey-Navy-para-la-temporada.jpeg","type":"image\/webp"}],"twitter_card":"summary_large_image","twitter_title":"Original Allen Iverson Denver Nuggets Hardwood Classics Swingman Jersey Navy","twitter_description":"Explora esta camiseta \u00fanica para los seguidores fieles. Magn\u00edfico Allen Iverson Denver Nuggets Hardwood Classics Swingman Jersey Navy. \u00a1No te la pierdas!","schema":{"@context":"https:\/\/schema.org","@graph":[{"@type":"WebPage","@id":"https:\/\/www.statisticsnba.com\/?product=original-allen-iverson-denver-nuggets-hardwood-classics-swingman-jersey-navy","url":"https:\/\/www.statisticsnba.com\/?product=original-allen-iverson-denver-nuggets-hardwood-classics-swingman-jersey-navy","name":"Magn\u00edfico Allen Iverson Denver Nuggets Hardwood Classics Swingman Jersey Navy para la temporada","isPartOf":{"@id":"https:\/\/www.statisticsnba.com\/#website"},"primaryImageOfPage":{"@id":"https:\/\/www.statisticsnba.com\/?product=original-allen-iverson-denver-nuggets-hardwood-classics-swingman-jersey-navy#primaryimage"},"image":{"@id":"https:\/\/www.statisticsnba.com\/?product=original-allen-iverson-denver-nuggets-hardwood-classics-swingman-jersey-navy#primaryimage"},"thumbnailUrl":"https:\/\/www.statisticsnba.com\/wp-content\/uploads\/2025\/06\/Magnifico-Allen-Iverson-Denver-Nuggets-Hardwood-Classics-Swingman-Jersey-Navy-para-la-temporada.jpeg","datePublished":"2025-06-19T03:32:37+00:00","dateModified":"2025-06-19T03:34:52+00:00","description":"Explora esta camiseta \u00fanica para los seguidores fieles. Magn\u00edfico Allen Iverson Denver Nuggets Hardwood Classics Swingman Jersey Navy. \u00a1No te la pierdas!","breadcrumb":{"@id":"https:\/\/www.statisticsnba.com\/?product=original-allen-iverson-denver-nuggets-hardwood-classics-swingman-jersey-navy#breadcrumb"},"inLanguage":"es","potentialAction":[{"@type":"ReadAction","target":["https:\/\/www.statisticsnba.com\/?product=original-allen-iverson-denver-nuggets-hardwood-classics-swingman-jersey-navy"]}]},{"@type":"ImageObject","inLanguage":"es","@id":"https:\/\/www.statisticsnba.com\/?product=original-allen-iverson-denver-nuggets-hardwood-classics-swingman-jersey-navy#primaryimage","url":"https:\/\/www.statisticsnba.com\/wp-content\/uploads\/2025\/06\/Magnifico-Allen-Iverson-Denver-Nuggets-Hardwood-Classics-Swingman-Jersey-Navy-para-la-temporada.jpeg","contentUrl":"https:\/\/www.statisticsnba.com\/wp-content\/uploads\/2025\/06\/Magnifico-Allen-Iverson-Denver-Nuggets-Hardwood-Classics-Swingman-Jersey-Navy-para-la-temporada.jpeg","width":600,"height":600,"caption":"Original Allen Iverson Denver Nuggets Hardwood Classics Swingman Jersey Navy"},{"@type":"BreadcrumbList","@id":"https:\/\/www.statisticsnba.com\/?product=original-allen-iverson-denver-nuggets-hardwood-classics-swingman-jersey-navy#breadcrumb","itemListElement":[{"@type":"ListItem","position":1,"name":"home","item":"https:\/\/www.statisticsnba.com\/"},{"@type":"ListItem","position":2,"name":"Shop","item":"https:\/\/www.statisticsnba.com\/?page_id=10"},{"@type":"ListItem","position":3,"name":"Original Allen Iverson Denver Nuggets Hardwood Classics Swingman Jersey Navy"}]},{"@type":"WebSite","@id":"https:\/\/www.statisticsnba.com\/#website","url":"https:\/\/www.statisticsnba.com\/","name":"Cheap jersey - Online Shop","description":"camiseta barata de la NBA","potentialAction":[{"@type":"SearchAction","target":{"@type":"EntryPoint","urlTemplate":"https:\/\/www.statisticsnba.com\/?s={search_term_string}"},"query-input":{"@type":"PropertyValueSpecification","valueRequired":true,"valueName":"search_term_string"}}],"inLanguage":"es"}]}},"_links":{"self":[{"href":"https:\/\/www.statisticsnba.com\/index.php?rest_route=\/wp\/v2\/product\/11826","targetHints":{"allow":["GET"]}}],"collection":[{"href":"https:\/\/www.statisticsnba.com\/index.php?rest_route=\/wp\/v2\/product"}],"about":[{"href":"https:\/\/www.statisticsnba.com\/index.php?rest_route=\/wp\/v2\/types\/product"}],"replies":[{"embeddable":true,"href":"https:\/\/www.statisticsnba.com\/index.php?rest_route=%2Fwp%2Fv2%2Fcomments&post=11826"}],"wp:featuredmedia":[{"embeddable":true,"href":"https:\/\/www.statisticsnba.com\/index.php?rest_route=\/wp\/v2\/media\/11833"}],"wp:attachment":[{"href":"https:\/\/www.statisticsnba.com\/index.php?rest_route=%2Fwp%2Fv2%2Fmedia&parent=11826"}],"wp:term":[{"taxonomy":"product_brand","embeddable":true,"href":"https:\/\/www.statisticsnba.com\/index.php?rest_route=%2Fwp%2Fv2%2Fproduct_brand&post=11826"},{"taxonomy":"product_cat","embeddable":true,"href":"https:\/\/www.statisticsnba.com\/index.php?rest_route=%2Fwp%2Fv2%2Fproduct_cat&post=11826"},{"taxonomy":"product_tag","embeddable":true,"href":"https:\/\/www.statisticsnba.com\/index.php?rest_route=%2Fwp%2Fv2%2Fproduct_tag&post=11826"}],"curies":[{"name":"wp","href":"https:\/\/api.w.org\/{rel}","templated":true}]}}