{"id":16968,"date":"2025-06-19T09:19:14","date_gmt":"2025-06-19T07:19:14","guid":{"rendered":"https:\/\/www.statisticsnba.com\/?product=ideal-toronto-raptors-hardwood-classics-blown-out-fashion-jersey-black"},"modified":"2025-06-19T09:19:51","modified_gmt":"2025-06-19T07:19:51","slug":"ideal-toronto-raptors-hardwood-classics-blown-out-fashion-jersey-black","status":"publish","type":"product","link":"https:\/\/www.statisticsnba.com\/?product=ideal-toronto-raptors-hardwood-classics-blown-out-fashion-jersey-black","title":{"rendered":"Ideal Toronto Raptors Hardwood Classics Blown Out Fashion Jersey Black"},"content":{"rendered":"<p>Incre\u00edble Cl\u00e1sico Vers\u00e1til Toronto Raptors Hardwood Classics Blown Out Fashion Jersey Black  para la temporada<\/p>\n<p>Sum\u00e9rgete en la emoci\u00f3n con esta camiseta. Incre\u00edble Cl\u00e1sico Vers\u00e1til Toronto Raptors Hardwood Classics Blown Out Fashion Jersey Black. \u00a1No te la pierdas!<\/p>\n","protected":false},"excerpt":{"rendered":"<p>Incre\u00edble Cl\u00e1sico Vers\u00e1til Toronto Raptors Hardwood Classics Blown Out Fashion Jersey Black para la temporada Sum\u00e9rgete en la emoci\u00f3n con esta camiseta. Incre\u00edble Cl\u00e1sico Vers\u00e1til Toronto Raptors Hardwood Classics Blown Out Fashion Jersey Black. \u00a1No te la pierdas!<\/p>\n","protected":false},"featured_media":16975,"comment_status":"open","ping_status":"open","template":"","meta":[],"product_brand":[],"product_cat":[77,76],"product_tag":[78],"class_list":{"0":"post-16968","1":"product","2":"type-product","3":"status-publish","4":"has-post-thumbnail","6":"product_cat-jersey","7":"product_cat-toronto-raptors","8":"product_tag-jersey","9":"pa_size-2xl","10":"pa_size-3xl","11":"pa_size-l","12":"pa_size-m","13":"pa_size-s","14":"pa_size-xl","16":"first","17":"instock","18":"sale","19":"purchasable","20":"product-type-variable","21":"add-to-wishlist-after_add_to_cart"},"yoast_head":"<!-- This site is optimized with the Yoast SEO Premium plugin v25.3 (Yoast SEO v27.4) - https:\/\/yoast.com\/product\/yoast-seo-premium-wordpress\/ -->\n<title>Incre\u00edble Cl\u00e1sico Vers\u00e1til Toronto Raptors Hardwood Classics Blown Out Fashion Jersey Black para la temporada<\/title>\n<meta name=\"description\" content=\"Sum\u00e9rgete en la emoci\u00f3n con esta camiseta. Incre\u00edble Cl\u00e1sico Vers\u00e1til Toronto Raptors Hardwood Classics Blown Out Fashion Jersey Black. \u00a1No te la pierdas!\" \/>\n<meta name=\"robots\" content=\"index, follow, max-snippet:-1, max-image-preview:large, max-video-preview:-1\" \/>\n<link rel=\"canonical\" href=\"https:\/\/www.statisticsnba.com\/?product=ideal-toronto-raptors-hardwood-classics-blown-out-fashion-jersey-black\" \/>\n<meta property=\"og:locale\" content=\"es_ES\" \/>\n<meta property=\"og:type\" content=\"article\" \/>\n<meta property=\"og:title\" content=\"Incre\u00edble Cl\u00e1sico Vers\u00e1til Toronto Raptors Hardwood Classics Blown Out Fashion Jersey Black para la temporada\" \/>\n<meta property=\"og:description\" content=\"Sum\u00e9rgete en la emoci\u00f3n con esta camiseta. Incre\u00edble Cl\u00e1sico Vers\u00e1til Toronto Raptors Hardwood Classics Blown Out Fashion Jersey Black. \u00a1No te la pierdas!\" \/>\n<meta property=\"og:url\" content=\"https:\/\/www.statisticsnba.com\/?product=ideal-toronto-raptors-hardwood-classics-blown-out-fashion-jersey-black\" \/>\n<meta property=\"og:site_name\" content=\"camiseta barata de la NBA - Tienda online\" \/>\n<meta property=\"article:modified_time\" content=\"2025-06-19T07:19:51+00:00\" \/>\n<meta property=\"og:image\" content=\"https:\/\/www.statisticsnba.com\/wp-content\/uploads\/2025\/06\/Increible-Clasico-Versatil-Toronto-Raptors-Hardwood-Classics-Blown-Out-Fashion-Jersey-Black-para-la-temporada.jpeg\" \/>\n\t<meta property=\"og:image:width\" content=\"600\" \/>\n\t<meta property=\"og:image:height\" content=\"600\" \/>\n\t<meta property=\"og:image:type\" content=\"image\/webp\" \/>\n<meta name=\"twitter:card\" content=\"summary_large_image\" \/>\n<meta name=\"twitter:title\" content=\"Ideal Toronto Raptors Hardwood Classics Blown Out Fashion Jersey Black\" \/>\n<meta name=\"twitter:description\" content=\"Sum\u00e9rgete en la emoci\u00f3n con esta camiseta. Incre\u00edble Cl\u00e1sico Vers\u00e1til Toronto Raptors Hardwood Classics Blown Out Fashion Jersey Black. \u00a1No te la pierdas!\" \/>\n<script type=\"application\/ld+json\" class=\"yoast-schema-graph\">{\"@context\":\"https:\\\/\\\/schema.org\",\"@graph\":[{\"@type\":\"WebPage\",\"@id\":\"https:\\\/\\\/www.statisticsnba.com\\\/?product=ideal-toronto-raptors-hardwood-classics-blown-out-fashion-jersey-black\",\"url\":\"https:\\\/\\\/www.statisticsnba.com\\\/?product=ideal-toronto-raptors-hardwood-classics-blown-out-fashion-jersey-black\",\"name\":\"Incre\u00edble Cl\u00e1sico Vers\u00e1til Toronto Raptors Hardwood Classics Blown Out Fashion Jersey Black para la temporada\",\"isPartOf\":{\"@id\":\"https:\\\/\\\/www.statisticsnba.com\\\/#website\"},\"primaryImageOfPage\":{\"@id\":\"https:\\\/\\\/www.statisticsnba.com\\\/?product=ideal-toronto-raptors-hardwood-classics-blown-out-fashion-jersey-black#primaryimage\"},\"image\":{\"@id\":\"https:\\\/\\\/www.statisticsnba.com\\\/?product=ideal-toronto-raptors-hardwood-classics-blown-out-fashion-jersey-black#primaryimage\"},\"thumbnailUrl\":\"https:\\\/\\\/www.statisticsnba.com\\\/wp-content\\\/uploads\\\/2025\\\/06\\\/Increible-Clasico-Versatil-Toronto-Raptors-Hardwood-Classics-Blown-Out-Fashion-Jersey-Black-para-la-temporada.jpeg\",\"datePublished\":\"2025-06-19T07:19:14+00:00\",\"dateModified\":\"2025-06-19T07:19:51+00:00\",\"description\":\"Sum\u00e9rgete en la emoci\u00f3n con esta camiseta. Incre\u00edble Cl\u00e1sico Vers\u00e1til Toronto Raptors Hardwood Classics Blown Out Fashion Jersey Black. \u00a1No te la pierdas!\",\"breadcrumb\":{\"@id\":\"https:\\\/\\\/www.statisticsnba.com\\\/?product=ideal-toronto-raptors-hardwood-classics-blown-out-fashion-jersey-black#breadcrumb\"},\"inLanguage\":\"es\",\"potentialAction\":[{\"@type\":\"ReadAction\",\"target\":[\"https:\\\/\\\/www.statisticsnba.com\\\/?product=ideal-toronto-raptors-hardwood-classics-blown-out-fashion-jersey-black\"]}]},{\"@type\":\"ImageObject\",\"inLanguage\":\"es\",\"@id\":\"https:\\\/\\\/www.statisticsnba.com\\\/?product=ideal-toronto-raptors-hardwood-classics-blown-out-fashion-jersey-black#primaryimage\",\"url\":\"https:\\\/\\\/www.statisticsnba.com\\\/wp-content\\\/uploads\\\/2025\\\/06\\\/Increible-Clasico-Versatil-Toronto-Raptors-Hardwood-Classics-Blown-Out-Fashion-Jersey-Black-para-la-temporada.jpeg\",\"contentUrl\":\"https:\\\/\\\/www.statisticsnba.com\\\/wp-content\\\/uploads\\\/2025\\\/06\\\/Increible-Clasico-Versatil-Toronto-Raptors-Hardwood-Classics-Blown-Out-Fashion-Jersey-Black-para-la-temporada.jpeg\",\"width\":600,\"height\":600,\"caption\":\"Ideal Toronto Raptors Hardwood Classics Blown Out Fashion Jersey Black\"},{\"@type\":\"BreadcrumbList\",\"@id\":\"https:\\\/\\\/www.statisticsnba.com\\\/?product=ideal-toronto-raptors-hardwood-classics-blown-out-fashion-jersey-black#breadcrumb\",\"itemListElement\":[{\"@type\":\"ListItem\",\"position\":1,\"name\":\"home\",\"item\":\"https:\\\/\\\/www.statisticsnba.com\\\/\"},{\"@type\":\"ListItem\",\"position\":2,\"name\":\"Shop\",\"item\":\"https:\\\/\\\/www.statisticsnba.com\\\/?page_id=10\"},{\"@type\":\"ListItem\",\"position\":3,\"name\":\"Ideal Toronto Raptors Hardwood Classics Blown Out Fashion Jersey Black\"}]},{\"@type\":\"WebSite\",\"@id\":\"https:\\\/\\\/www.statisticsnba.com\\\/#website\",\"url\":\"https:\\\/\\\/www.statisticsnba.com\\\/\",\"name\":\"Cheap jersey - Online Shop\",\"description\":\"camiseta barata de la NBA\",\"potentialAction\":[{\"@type\":\"SearchAction\",\"target\":{\"@type\":\"EntryPoint\",\"urlTemplate\":\"https:\\\/\\\/www.statisticsnba.com\\\/?s={search_term_string}\"},\"query-input\":{\"@type\":\"PropertyValueSpecification\",\"valueRequired\":true,\"valueName\":\"search_term_string\"}}],\"inLanguage\":\"es\"}]}<\/script>\n<!-- \/ Yoast SEO Premium plugin. -->","yoast_head_json":{"title":"Incre\u00edble Cl\u00e1sico Vers\u00e1til Toronto Raptors Hardwood Classics Blown Out Fashion Jersey Black para la temporada","description":"Sum\u00e9rgete en la emoci\u00f3n con esta camiseta. Incre\u00edble Cl\u00e1sico Vers\u00e1til Toronto Raptors Hardwood Classics Blown Out Fashion Jersey Black. \u00a1No te la pierdas!","robots":{"index":"index","follow":"follow","max-snippet":"max-snippet:-1","max-image-preview":"max-image-preview:large","max-video-preview":"max-video-preview:-1"},"canonical":"https:\/\/www.statisticsnba.com\/?product=ideal-toronto-raptors-hardwood-classics-blown-out-fashion-jersey-black","og_locale":"es_ES","og_type":"article","og_title":"Incre\u00edble Cl\u00e1sico Vers\u00e1til Toronto Raptors Hardwood Classics Blown Out Fashion Jersey Black para la temporada","og_description":"Sum\u00e9rgete en la emoci\u00f3n con esta camiseta. Incre\u00edble Cl\u00e1sico Vers\u00e1til Toronto Raptors Hardwood Classics Blown Out Fashion Jersey Black. \u00a1No te la pierdas!","og_url":"https:\/\/www.statisticsnba.com\/?product=ideal-toronto-raptors-hardwood-classics-blown-out-fashion-jersey-black","og_site_name":"camiseta barata de la NBA - Tienda online","article_modified_time":"2025-06-19T07:19:51+00:00","og_image":[{"width":600,"height":600,"url":"https:\/\/www.statisticsnba.com\/wp-content\/uploads\/2025\/06\/Increible-Clasico-Versatil-Toronto-Raptors-Hardwood-Classics-Blown-Out-Fashion-Jersey-Black-para-la-temporada.jpeg","type":"image\/webp"}],"twitter_card":"summary_large_image","twitter_title":"Ideal Toronto Raptors Hardwood Classics Blown Out Fashion Jersey Black","twitter_description":"Sum\u00e9rgete en la emoci\u00f3n con esta camiseta. Incre\u00edble Cl\u00e1sico Vers\u00e1til Toronto Raptors Hardwood Classics Blown Out Fashion Jersey Black. \u00a1No te la pierdas!","schema":{"@context":"https:\/\/schema.org","@graph":[{"@type":"WebPage","@id":"https:\/\/www.statisticsnba.com\/?product=ideal-toronto-raptors-hardwood-classics-blown-out-fashion-jersey-black","url":"https:\/\/www.statisticsnba.com\/?product=ideal-toronto-raptors-hardwood-classics-blown-out-fashion-jersey-black","name":"Incre\u00edble Cl\u00e1sico Vers\u00e1til Toronto Raptors Hardwood Classics Blown Out Fashion Jersey Black para la temporada","isPartOf":{"@id":"https:\/\/www.statisticsnba.com\/#website"},"primaryImageOfPage":{"@id":"https:\/\/www.statisticsnba.com\/?product=ideal-toronto-raptors-hardwood-classics-blown-out-fashion-jersey-black#primaryimage"},"image":{"@id":"https:\/\/www.statisticsnba.com\/?product=ideal-toronto-raptors-hardwood-classics-blown-out-fashion-jersey-black#primaryimage"},"thumbnailUrl":"https:\/\/www.statisticsnba.com\/wp-content\/uploads\/2025\/06\/Increible-Clasico-Versatil-Toronto-Raptors-Hardwood-Classics-Blown-Out-Fashion-Jersey-Black-para-la-temporada.jpeg","datePublished":"2025-06-19T07:19:14+00:00","dateModified":"2025-06-19T07:19:51+00:00","description":"Sum\u00e9rgete en la emoci\u00f3n con esta camiseta. Incre\u00edble Cl\u00e1sico Vers\u00e1til Toronto Raptors Hardwood Classics Blown Out Fashion Jersey Black. \u00a1No te la pierdas!","breadcrumb":{"@id":"https:\/\/www.statisticsnba.com\/?product=ideal-toronto-raptors-hardwood-classics-blown-out-fashion-jersey-black#breadcrumb"},"inLanguage":"es","potentialAction":[{"@type":"ReadAction","target":["https:\/\/www.statisticsnba.com\/?product=ideal-toronto-raptors-hardwood-classics-blown-out-fashion-jersey-black"]}]},{"@type":"ImageObject","inLanguage":"es","@id":"https:\/\/www.statisticsnba.com\/?product=ideal-toronto-raptors-hardwood-classics-blown-out-fashion-jersey-black#primaryimage","url":"https:\/\/www.statisticsnba.com\/wp-content\/uploads\/2025\/06\/Increible-Clasico-Versatil-Toronto-Raptors-Hardwood-Classics-Blown-Out-Fashion-Jersey-Black-para-la-temporada.jpeg","contentUrl":"https:\/\/www.statisticsnba.com\/wp-content\/uploads\/2025\/06\/Increible-Clasico-Versatil-Toronto-Raptors-Hardwood-Classics-Blown-Out-Fashion-Jersey-Black-para-la-temporada.jpeg","width":600,"height":600,"caption":"Ideal Toronto Raptors Hardwood Classics Blown Out Fashion Jersey Black"},{"@type":"BreadcrumbList","@id":"https:\/\/www.statisticsnba.com\/?product=ideal-toronto-raptors-hardwood-classics-blown-out-fashion-jersey-black#breadcrumb","itemListElement":[{"@type":"ListItem","position":1,"name":"home","item":"https:\/\/www.statisticsnba.com\/"},{"@type":"ListItem","position":2,"name":"Shop","item":"https:\/\/www.statisticsnba.com\/?page_id=10"},{"@type":"ListItem","position":3,"name":"Ideal Toronto Raptors Hardwood Classics Blown Out Fashion Jersey Black"}]},{"@type":"WebSite","@id":"https:\/\/www.statisticsnba.com\/#website","url":"https:\/\/www.statisticsnba.com\/","name":"Cheap jersey - Online Shop","description":"camiseta barata de la NBA","potentialAction":[{"@type":"SearchAction","target":{"@type":"EntryPoint","urlTemplate":"https:\/\/www.statisticsnba.com\/?s={search_term_string}"},"query-input":{"@type":"PropertyValueSpecification","valueRequired":true,"valueName":"search_term_string"}}],"inLanguage":"es"}]}},"_links":{"self":[{"href":"https:\/\/www.statisticsnba.com\/index.php?rest_route=\/wp\/v2\/product\/16968","targetHints":{"allow":["GET"]}}],"collection":[{"href":"https:\/\/www.statisticsnba.com\/index.php?rest_route=\/wp\/v2\/product"}],"about":[{"href":"https:\/\/www.statisticsnba.com\/index.php?rest_route=\/wp\/v2\/types\/product"}],"replies":[{"embeddable":true,"href":"https:\/\/www.statisticsnba.com\/index.php?rest_route=%2Fwp%2Fv2%2Fcomments&post=16968"}],"wp:featuredmedia":[{"embeddable":true,"href":"https:\/\/www.statisticsnba.com\/index.php?rest_route=\/wp\/v2\/media\/16975"}],"wp:attachment":[{"href":"https:\/\/www.statisticsnba.com\/index.php?rest_route=%2Fwp%2Fv2%2Fmedia&parent=16968"}],"wp:term":[{"taxonomy":"product_brand","embeddable":true,"href":"https:\/\/www.statisticsnba.com\/index.php?rest_route=%2Fwp%2Fv2%2Fproduct_brand&post=16968"},{"taxonomy":"product_cat","embeddable":true,"href":"https:\/\/www.statisticsnba.com\/index.php?rest_route=%2Fwp%2Fv2%2Fproduct_cat&post=16968"},{"taxonomy":"product_tag","embeddable":true,"href":"https:\/\/www.statisticsnba.com\/index.php?rest_route=%2Fwp%2Fv2%2Fproduct_tag&post=16968"}],"curies":[{"name":"wp","href":"https:\/\/api.w.org\/{rel}","templated":true}]}}